{"id":36,"date":"2023-07-10T09:43:05","date_gmt":"2023-07-10T09:43:05","guid":{"rendered":"http:\/\/ads.snoticias.co.mz\/?page_id=36"},"modified":"2024-08-14T19:08:09","modified_gmt":"2024-08-14T19:08:09","slug":"indice","status":"publish","type":"page","link":"https:\/\/ads.snoticias.co.mz\/","title":{"rendered":"\u00cdNDICE"},"content":{"rendered":"\n<div class=\"wp-block-columns is-layout-flex wp-container-core-columns-is-layout-1 wp-block-columns-is-layout-flex\">\n<div class=\"wp-block-column is-layout-flow wp-block-column-is-layout-flow\">\n<h1 class=\"wp-block-heading has-text-align-center has-vivid-red-color has-text-color has-x-large-font-size\" style=\"font-style:normal;font-weight:900\"><strong>Publicidade Online<\/strong><\/h1>\n\n\n\n<h5 class=\"wp-block-heading has-text-align-center has-medium-font-size\" style=\"font-style:normal;font-weight:100\">Formatos &amp; Pre\u00e7\u00e1rios<\/h5>\n\n\n\n<hr class=\"wp-block-separator has-text-color has-vivid-red-color has-alpha-channel-opacity has-vivid-red-background-color has-background is-style-dots\" style=\"margin-top:0;margin-bottom:0\"\/>\n<\/div>\n<\/div>\n\n\n\n<div class=\"wp-block-columns is-layout-flex wp-container-core-columns-is-layout-2 wp-block-columns-is-layout-flex\">\n<div class=\"wp-block-column has-background is-layout-flow wp-block-column-is-layout-flow\" style=\"background-color:#f6f6f6\">\n<div class=\"wp-block-ultimate-post-wrapper ultp-block-e43ad4\"><div class=\"ultp-wrapper-block\">\n<figure class=\"wp-block-image size-full\"><a href=\"http:\/\/ads.snoticias.co.mz\/?p=147\"><img loading=\"lazy\" decoding=\"async\" width=\"600\" height=\"480\" src=\"http:\/\/ads.snoticias.co.mz\/wp-content\/uploads\/2023\/07\/bannertop-2.gif\" alt=\"\" class=\"wp-image-96\"\/><\/a><\/figure>\n<\/div><\/div>\n\n\n\n<div style=\"height:5px\" aria-hidden=\"true\" class=\"wp-block-spacer\"><\/div>\n\n\n\n<h3 class=\"wp-block-heading has-text-align-center\">BANNER TOPO<\/h3>\n\n\n<div class=\"ub-buttons align-button-center\"  id=\"ub-button-a0b34e97-d86a-42d0-88f2-157e9027f4e6\"><div class=\"ub-button-container\">\n    <a href=\"http:\/\/ads.snoticias.co.mz\/?p=147\" target=\"_self\"\n    rel=\"noopener noreferrer\"\n    class=\"ub-button-block-main ub-button-small ub-button-flex-small\" role=\"button\">\n    <div class=\"ub-button-content-holder\"><span class=\"ub-button-block-btn\"><strong>Leia +<\/strong><\/span>\n    <\/div><\/a><\/div><\/div><\/div>\n\n\n\n<div class=\"wp-block-column has-background is-layout-flow wp-block-column-is-layout-flow\" style=\"background-color:#f6f6f6\">\n<div class=\"wp-block-ultimate-post-wrapper ultp-block-997081\"><div class=\"ultp-wrapper-block\">\n<figure class=\"wp-block-image size-full\"><a href=\"http:\/\/ads.snoticias.co.mz\/?p=149\"><img loading=\"lazy\" decoding=\"async\" width=\"600\" height=\"480\" src=\"http:\/\/ads.snoticias.co.mz\/wp-content\/uploads\/2023\/07\/bannercentro-2.gif\" alt=\"\" class=\"wp-image-97\"\/><\/a><\/figure>\n<\/div><\/div>\n\n\n\n<div style=\"height:5px\" aria-hidden=\"true\" class=\"wp-block-spacer\"><\/div>\n\n\n\n<h3 class=\"wp-block-heading has-text-align-center\">BANNER CENTRO<\/h3>\n\n\n<div class=\"ub-buttons align-button-center\"  id=\"ub-button-3efd4313-4cb5-485f-9865-995dde785899\"><div class=\"ub-button-container\">\n    <a href=\"http:\/\/ads.snoticias.co.mz\/?p=149\" target=\"_self\"\n    rel=\"noopener noreferrer\"\n    class=\"ub-button-block-main ub-button-small ub-button-flex-small\" role=\"button\">\n    <div class=\"ub-button-content-holder\"><span class=\"ub-button-block-btn\"><strong>Leia +<\/strong><\/span>\n    <\/div><\/a><\/div><\/div><\/div>\n\n\n\n<div class=\"wp-block-column has-background is-layout-flow wp-block-column-is-layout-flow\" style=\"background-color:#f6f6f6\">\n<div class=\"wp-block-ultimate-post-wrapper ultp-block-54a6f0\"><div class=\"ultp-wrapper-block\">\n<figure class=\"wp-block-image size-full\"><a href=\"#\"><img loading=\"lazy\" decoding=\"async\" width=\"600\" height=\"480\" src=\"http:\/\/ads.snoticias.co.mz\/wp-content\/uploads\/2023\/07\/bannerrodape-2.gif\" alt=\"\" class=\"wp-image-98\"\/><\/a><\/figure>\n<\/div><\/div>\n\n\n\n<div style=\"height:5px\" aria-hidden=\"true\" class=\"wp-block-spacer\"><\/div>\n\n\n\n<h3 class=\"wp-block-heading has-text-align-center\">BANNER RODAP\u00c9<\/h3>\n\n\n<div class=\"ub-buttons align-button-center\"  id=\"ub-button-a9f4f70f-02a0-4ca6-968c-8be9b7191a43\"><div class=\"ub-button-container\">\n    <a href=\"http:\/\/ads.snoticias.co.mz\/?p=151\" target=\"_self\"\n    rel=\"noopener noreferrer\"\n    class=\"ub-button-block-main ub-button-small ub-button-flex-small\" role=\"button\">\n    <div class=\"ub-button-content-holder\"><span class=\"ub-button-block-btn\"><strong>Leia +<\/strong><\/span>\n    <\/div><\/a><\/div><\/div><\/div>\n<\/div>\n\n\n\n<div style=\"height:30px\" aria-hidden=\"true\" class=\"wp-block-spacer\"><\/div>\n\n\n\n<div class=\"wp-block-columns is-layout-flex wp-container-core-columns-is-layout-3 wp-block-columns-is-layout-flex\">\n<div class=\"wp-block-column has-background is-layout-flow wp-block-column-is-layout-flow\" style=\"background-color:#f6f6f6\">\n<div class=\"wp-block-ultimate-post-wrapper ultp-block-7eb51b\"><div class=\"ultp-wrapper-block\">\n<figure class=\"wp-block-image size-full\"><a href=\"http:\/\/ads.snoticias.co.mz\/?p=153\"><img loading=\"lazy\" decoding=\"async\" width=\"600\" height=\"480\" src=\"http:\/\/ads.snoticias.co.mz\/wp-content\/uploads\/2023\/07\/MREC-2.gif\" alt=\"\" class=\"wp-image-99\"\/><\/a><\/figure>\n<\/div><\/div>\n\n\n\n<div style=\"height:5px\" aria-hidden=\"true\" class=\"wp-block-spacer\"><\/div>\n\n\n\n<h3 class=\"wp-block-heading has-text-align-center\">MREC<\/h3>\n\n\n<div class=\"ub-buttons align-button-center\"  id=\"ub-button-9c544372-5db0-4bd2-ae55-599a608ee235\"><div class=\"ub-button-container\">\n    <a href=\"http:\/\/ads.snoticias.co.mz\/?p=153\" target=\"_self\"\n    rel=\"noopener noreferrer\"\n    class=\"ub-button-block-main ub-button-small ub-button-flex-small\" role=\"button\">\n    <div class=\"ub-button-content-holder\"><span class=\"ub-button-block-btn\"><strong>Leia +<\/strong><\/span>\n    <\/div><\/a><\/div><\/div><\/div>\n\n\n\n<div class=\"wp-block-column has-background is-layout-flow wp-block-column-is-layout-flow\" style=\"background-color:#f6f6f6\">\n<div class=\"wp-block-ultimate-post-wrapper ultp-block-5c4c92\"><div class=\"ultp-wrapper-block\">\n<figure class=\"wp-block-image size-full\"><a href=\"http:\/\/ads.snoticias.co.mz\/?p=155\"><img loading=\"lazy\" decoding=\"async\" width=\"600\" height=\"480\" src=\"http:\/\/ads.snoticias.co.mz\/wp-content\/uploads\/2023\/07\/Pop-Up-2.gif\" alt=\"\" class=\"wp-image-100\"\/><\/a><\/figure>\n<\/div><\/div>\n\n\n\n<div style=\"height:5px\" aria-hidden=\"true\" class=\"wp-block-spacer\"><\/div>\n\n\n\n<h3 class=\"wp-block-heading has-text-align-center\">POP-UP<\/h3>\n\n\n<div class=\"ub-buttons align-button-center\"  id=\"ub-button-285c530c-0faa-40e4-84d1-10590c56c240\"><div class=\"ub-button-container\">\n    <a href=\"http:\/\/ads.snoticias.co.mz\/?p=155\" target=\"_self\"\n    rel=\"noopener noreferrer\"\n    class=\"ub-button-block-main ub-button-small ub-button-flex-small\" role=\"button\">\n    <div class=\"ub-button-content-holder\"><span class=\"ub-button-block-btn\"><strong>Leia +<\/strong><\/span>\n    <\/div><\/a><\/div><\/div><\/div>\n\n\n\n<div class=\"wp-block-column has-background is-layout-flow wp-block-column-is-layout-flow\" style=\"background-color:#f6f6f6\">\n<div class=\"wp-block-ultimate-post-wrapper ultp-block-a038c4\"><div class=\"ultp-wrapper-block\">\n<figure class=\"wp-block-image size-full\"><a href=\"http:\/\/ads.snoticias.co.mz\/?p=157\"><img loading=\"lazy\" decoding=\"async\" width=\"600\" height=\"480\" src=\"http:\/\/ads.snoticias.co.mz\/wp-content\/uploads\/2023\/07\/Extensivel-2.gif\" alt=\"\" class=\"wp-image-101\"\/><\/a><\/figure>\n<\/div><\/div>\n\n\n\n<div style=\"height:5px\" aria-hidden=\"true\" class=\"wp-block-spacer\"><\/div>\n\n\n\n<h3 class=\"wp-block-heading has-text-align-center\">HALF PAGE<\/h3>\n\n\n<div class=\"ub-buttons align-button-center\"  id=\"ub-button-b77a0a11-2cd5-4290-9028-826498a6c757\"><div class=\"ub-button-container\">\n    <a href=\"http:\/\/ads.snoticias.co.mz\/?p=157\" target=\"_self\"\n    rel=\"noopener noreferrer\"\n    class=\"ub-button-block-main ub-button-small ub-button-flex-small\" role=\"button\">\n    <div class=\"ub-button-content-holder\"><span class=\"ub-button-block-btn\"><strong>Leia +<\/strong><\/span>\n    <\/div><\/a><\/div><\/div><\/div>\n<\/div>\n\n\n\n<div style=\"height:30px\" aria-hidden=\"true\" class=\"wp-block-spacer\"><\/div>\n\n\n\n<div class=\"wp-block-columns is-layout-flex wp-container-core-columns-is-layout-4 wp-block-columns-is-layout-flex\"><\/div>\n\n\n\n<div style=\"height:30px\" aria-hidden=\"true\" class=\"wp-block-spacer\"><\/div>\n\n\n\n<div style=\"height:30px\" aria-hidden=\"true\" class=\"wp-block-spacer\"><\/div>\n","protected":false},"excerpt":{"rendered":"<p>Publicidade Online Formatos &amp; Pre\u00e7\u00e1rios BANNER TOPO BANNER CENTRO BANNER RODAP\u00c9 MREC POP-UP HALF PAGE<\/p>\n","protected":false},"author":1,"featured_media":0,"parent":0,"menu_order":0,"comment_status":"closed","ping_status":"closed","template":"ultp_page_template","meta":{"_uag_custom_page_level_css":"","ub_ctt_via":"","footnotes":""},"class_list":["post-36","page","type-page","status-publish","hentry"],"featured_image_src":null,"uagb_featured_image_src":{"full":false,"thumbnail":false,"medium":false,"medium_large":false,"large":false,"1536x1536":false,"2048x2048":false,"awb_sm":false,"awb_md":false,"awb_lg":false,"awb_xl":false,"post-thumbnail":false,"mvp-post-thumb":false,"mvp-mid-thumb":false,"mvp-small-thumb":false,"ultp_layout_landscape_large":false,"ultp_layout_landscape":false,"ultp_layout_portrait":false,"ultp_layout_square":false},"uagb_author_info":{"display_name":"admin","author_link":"https:\/\/ads.snoticias.co.mz\/?author=1"},"uagb_comment_info":0,"uagb_excerpt":"Publicidade Online Formatos &amp; Pre\u00e7\u00e1rios BANNER TOPO BANNER CENTRO BANNER RODAP\u00c9 MREC POP-UP HALF PAGE","_links":{"self":[{"href":"https:\/\/ads.snoticias.co.mz\/index.php?rest_route=\/wp\/v2\/pages\/36"}],"collection":[{"href":"https:\/\/ads.snoticias.co.mz\/index.php?rest_route=\/wp\/v2\/pages"}],"about":[{"href":"https:\/\/ads.snoticias.co.mz\/index.php?rest_route=\/wp\/v2\/types\/page"}],"author":[{"embeddable":true,"href":"https:\/\/ads.snoticias.co.mz\/index.php?rest_route=\/wp\/v2\/users\/1"}],"replies":[{"embeddable":true,"href":"https:\/\/ads.snoticias.co.mz\/index.php?rest_route=%2Fwp%2Fv2%2Fcomments&post=36"}],"version-history":[{"count":58,"href":"https:\/\/ads.snoticias.co.mz\/index.php?rest_route=\/wp\/v2\/pages\/36\/revisions"}],"predecessor-version":[{"id":491,"href":"https:\/\/ads.snoticias.co.mz\/index.php?rest_route=\/wp\/v2\/pages\/36\/revisions\/491"}],"wp:attachment":[{"href":"https:\/\/ads.snoticias.co.mz\/index.php?rest_route=%2Fwp%2Fv2%2Fmedia&parent=36"}],"curies":[{"name":"wp","href":"https:\/\/api.w.org\/{rel}","templated":true}]}}